{"id":277,"date":"2017-12-07T03:55:00","date_gmt":"2017-12-07T03:55:00","guid":{"rendered":"http:\/\/www.tymfund.org.vn\/?page_id=277"},"modified":"2026-05-05T10:19:57","modified_gmt":"2026-05-05T03:19:57","slug":"our-team","status":"publish","type":"page","link":"https:\/\/tymfund.org.vn\/en\/about-us\/our-team\/","title":{"rendered":"Our Team"},"content":{"rendered":"<p>At present, TYM is one of the largest microfinance institutions in Vietnam, operating in 09 provinces and cities in the Northern and North Central regions, serving more than 200,000 clients. TYM has developed an extensive operational network based on strong ties with the community. TYM\u2019s operating system includes its Head Office as well as branches, transaction offices, and centers\/transaction points located in the areas where clients live.<\/p>\n\n<p><img loading=\"lazy\" decoding=\"async\" class=\"aligncenter wp-image-9310 size-large\" src=\"http:\/\/tymfund.org.vn\/wp-content\/uploads\/2023\/07\/So-do-to-chuc-en-1024x908.png\" alt=\"\" width=\"1024\" height=\"908\" srcset=\"https:\/\/tymfund.org.vn\/wp-content\/uploads\/2023\/07\/So-do-to-chuc-en-1024x908.png 1024w, https:\/\/tymfund.org.vn\/wp-content\/uploads\/2023\/07\/So-do-to-chuc-en-300x266.png 300w, https:\/\/tymfund.org.vn\/wp-content\/uploads\/2023\/07\/So-do-to-chuc-en-768x681.png 768w, https:\/\/tymfund.org.vn\/wp-content\/uploads\/2023\/07\/So-do-to-chuc-en.png 1407w\" sizes=\"auto, (max-width: 1024px) 100vw, 1024px\" \/><\/p>\n<p>TINH THUONG ONE MEMBER LIMITED LIABILITY MICROFINANCE INSTITUITION (TYM)<br \/>\nHEAD OFFICE\u2019S ADRESS: 20 Thuy Khue street, Tay Ho district, Hanoi<br \/>\nTEL: (024) 3. 728.1003 &#8211; (024) 3. 728.2818<\/p>\n<table style=\"height: 569px;\" width=\"2006\">\n<tbody>\n<tr>\n<td style=\"text-align: justify; width: 1%;\">TYM &#8211; S\u00d3C S\u01a0N BRANCH, H\u00c0 N\u1ed8I<br \/>\nAddress: S\u1ed1 11, \u0111\u01b0\u1eddng \u0110a Ph\u00fac,\u00a0 x\u00e3 S\u00f3c S\u01a1n, th\u00e0nh ph\u1ed1 H\u00e0 N\u1ed9i<br \/>\nTEL: (024) 3.884.0517 &#8211; (024) 3.595.5560<\/td>\n<td style=\"text-align: justify; width: 1%;\">TYM &#8211; B\u1eaeC NINH BRANCH, B\u1eaeC NINH PROVINCE<br \/>\nAddress: s\u1ed1 02 \u0111\u01b0\u1eddng Nguy\u1ec5n \u0110\u0103ng S\u1edf, ph\u01b0\u1eddng Kinh B\u1eafc, t\u1ec9nh B\u1eafc Ninh<br \/>\nTEL: (0222) 3.828.003<\/td>\n<td style=\"text-align: justify; width: 1%;\">TYM &#8211; H\u1ea2I D\u01af\u01a0NG BRANCH, H\u1ea2I PH\u00d2NG PROVINCE<br \/>\nAddress: Ph\u1ed1 Nguy\u1ec5n D\u01b0\u01a1ng K\u1ef3, x\u00e3 Gia L\u1ed9c, th\u00e0nh ph\u1ed1 H\u1ea3i Ph\u00f2ng<br \/>\nTEL: (0220)3.514.277<\/td>\n<td style=\"text-align: justify; width: 1%;\">TYM &#8211; H\u1ea2I H\u1eacU BRANCH, NINH B\u00ccNH PROVINCE<br \/>\nAddress: S\u1ed1 nh\u00e0 329, T\u1ed5 d\u00e2n ph\u1ed1 s\u1ed1 3, x\u00e3 H\u1ea3i H\u1eadu, t\u1ec9nh Ninh B\u00ecnh<br \/>\nTEL: (0228) 3.775.780<\/td>\n<\/tr>\n<tr style=\"text-align: justify;\">\n<td>TYM &#8211; M\u00ca LINH BRANCH, H\u00c0 N\u1ed8I<br \/>\nAddress: Trung t\u00e2m ch\u00ednh tr\u1ecb khu v\u1ef1c M\u00ea Linh, \u0111\u01b0\u1eddng \u0110\u1ea1i Th\u1ecbnh, x\u00e3 Quang Minh, th\u00e0nh ph\u1ed1 H\u00e0 N\u1ed9i<br \/>\nTEL: (024) 3.818.3555<\/td>\n<td>TYM &#8211; H\u1ea2I PH\u00d2NG BRANCH, H\u1ea2I PH\u00d2NG PROVINCE<br \/>\nAddress: Tr\u1ee5 s\u1edf M\u1eb7t tr\u1eadn T\u1ed5 qu\u1ed1c v\u00e0 c\u00e1c \u0111o\u00e0n th\u1ec3 ph\u01b0\u1eddng Th\u1ee7y Nguy\u00ean, T\u1ed5 d\u00e2n ph\u1ed1 Th\u1ee7y S\u01a1n 5, ph\u01b0\u1eddng Th\u1ee7y Nguy\u00ean, th\u00e0nh ph\u1ed1 H\u1ea3i Ph\u00f2ng<br \/>\nTEL: 0225 883 1215<\/td>\n<td>TYM &#8211; HUNG YEN BRANCH, H\u01afNG Y\u00caN PROVINCE<br \/>\nAddress: S\u1ed1 372, Nguy\u1ec5n L\u01b0\u01a1ng B\u1eb1ng, x\u00e3 L\u01b0\u01a1ng B\u1eb1ng, t\u1ec9nh H\u01b0ng Y\u00ean.<br \/>\nTEL: (0221) 3.811.542<\/td>\n<td>TYM &#8211; THANH H\u00d3A BRANCH, THANH H\u00d3A PROVINCE<br \/>\nAddress: S\u1ed1 nh\u00e0 78, khu ph\u1ed1 2, x\u00e3 L\u01b0u V\u1ec7, t\u1ec9nh Thanh H\u00f3a<br \/>\nTEL: (0237) 3.670.752<\/td>\n<\/tr>\n<tr style=\"text-align: justify;\">\n<td>TYM &#8211; V\u0128NH PH\u00daC BRANCH, PH\u00da TH\u1ecc PROVINCE<br \/>\nAddress: Nh\u00e0 s\u1ed1 25, \u0111\u01b0\u1eddng Ho\u00e0ng Qu\u1ed1c Vi\u1ec7t, ph\u01b0\u1eddng Ph\u00fac Y\u00ean, t\u1ec9nh Ph\u00fa Th\u1ecd<br \/>\nTEL: (0211) 3.869.778<\/td>\n<td>TYM &#8211; \u0110\u00d4 L\u01af\u01a0NG BRANCH, NGH\u1ec6 AN PROVINCE<br \/>\nAddress: X\u00f3m 4 Th\u1ecb tr\u1ea5n, x\u00e3 \u0110\u00f4 L\u01b0\u01a1ng, t\u1ec9nh Ngh\u1ec7 An<br \/>\nTEL: (0238) 3.717.088<\/td>\n<td>TYM &#8211; NAM \u0110\u1ecaNH BRANCH, NINH B\u00ccNH PROVINCE<br \/>\nAddress: \u00a0S\u1ed1 10, \u0111\u01b0\u1eddng Tr\u1ea7n \u0110\u0103ng Ninh, ph\u01b0\u1eddng Nam \u0110\u1ecbnh, t\u1ec9nh Ninh B\u00ecnh<br \/>\nTEL: (0228) 3.526.606<\/td>\n<td>TYM &#8211; H\u01afNG NGUY\u00caN BRANCH, NGH\u1ec6 AN PROVINCE<br \/>\nAddress: X\u00f3m Chi N\u00ea, x\u00e3 H\u01b0ng Nguy\u00ean, t\u1ec9nh Ngh\u1ec7 An<br \/>\nTEL: (0238) 3.821.421<\/td>\n<\/tr>\n<tr style=\"text-align: justify;\">\n<td>TYM &#8211; TH\u00c1I NGUY\u00caN BRANCH, TH\u00c1I NGUY\u00caN PROVINCE<br \/>\nAddress: T\u1ed5 Du T\u00e1n, ph\u01b0\u1eddng S\u00f4ng C\u00f4ng, t\u1ec9nh Th\u00e1i Nguy\u00ean<span style=\"font-family: inherit; font-size: inherit;\">TEL: (0280) 3.662.535<\/span><\/td>\n<td>TYM &#8211; QU\u1ef2NH L\u01afU BRANCH, NGH\u1ec6 AN PROVINCE<br \/>\nAddress: Kh\u1ed1i 3, x\u00e3 Qu\u1ef3nh L\u01b0u, t\u1ec9nh Ngh\u1ec7 An<\/p>\n<p>TEL: 02383201166<\/td>\n<td>TYM &#8211; NAM TR\u1ef0C BRANCH, NINH B\u00ccNH PROVINCE<br \/>\nAddress: S\u1ed1 10 Tr\u1ea7n \u0110\u0103ng Ninh, ph\u01b0\u1eddng Nam \u0110\u1ecbnh, t\u1ec9nh Ninh B\u00ecnh<br \/>\nTEL: (0228) 3.912.120<\/td>\n<td>TYM &#8211; NGHI L\u1ed8C BRANCH, NGH\u1ec6 AN PROVINCE<br \/>\nAddress: Kh\u1ed1i 6, x\u00e3 Nghi L\u1ed9c, t\u1ec9nh Ngh\u1ec7 An<br \/>\nTEL: (0238) 3.796.680<\/td>\n<\/tr>\n<tr style=\"text-align: justify;\">\n<td>&nbsp;<\/p>\n<p>TYM &#8211; VI\u1ec6T TR\u00cc BRANCH, PH\u00da TH\u1ecc PROVINCE<br \/>\nAddress: \u00a0Ph\u1ed1 T\u00e2n Vi\u1ec7t, ph\u01b0\u1eddng Vi\u1ec7t Tr\u00ec, t\u1ec9nh Ph\u00fa Th\u1ecd<br \/>\nTEL: (0210) 3.818.755<\/td>\n<td>TYM &#8211; DI\u1ec4N CH\u00c2U BRANCH, NGH\u1ec6 AN PROVINCE<br \/>\nAddress: Kh\u1ed1i\u00a0 2 x\u00e3 Di\u1ec5n Ch\u00e2u, t\u1ec9nh Ngh\u1ec7 An<br \/>\nTEL: (0238) 3.623.920<\/td>\n<td>TYM &#8211; \u00dd Y\u00caN BRANCH, NINH B\u00ccNH PROVINCE<br \/>\nAddress: Th\u00f4n Thanh L\u1ecbch, x\u00e3 \u00dd Y\u00ean, t\u1ec9nh Ninh B\u00ecnh<br \/>\nTEL: (0228) 3.823.424<\/td>\n<td>TYM &#8211; NAM THANH H\u00d3A BRANCH, THANH H\u00d3A PROVINCE<br \/>\nAddress: \u00a0T\u1ed5 d\u00e2n ph\u1ed1 5, ph\u01b0\u1eddng T\u0129nh Gia, t\u1ec9nh Thanh H\u00f3a<br \/>\nTEL: (0237) 3.839.266<\/td>\n<\/tr>\n<\/tbody>\n<\/table>\n<table style=\"height: 220px;\" width=\"2005\">\n<tbody>\n<tr style=\"text-align: justify;\">\n<td>B\u1eaeC GIANG BRANCH, B\u1eaeC NINH PROVINCE<br \/>\nAddress:\u00a0S\u1ed1 451 \u0111\u01b0\u1eddng Nguy\u1ec5n Th\u1ecb Minh Khai, ph\u01b0\u1eddng B\u1eafc Giang, t\u1ec9nh B\u1eafc Ninh<\/p>\n<p>TEL: (0204)3.552.556<\/td>\n<td>TYM &#8211; TH\u00c1I B\u00ccNH BRANCH, H\u01afNG Y\u00caN PROVINCE<br \/>\nAddress: S\u1ed1 nh\u00e0 267 \u0111\u01b0\u1eddng Tr\u1ea7n H\u01b0ng \u0110\u1ea1o, t\u1ed5 7, ph\u01b0\u1eddng Tr\u1ea7n H\u01b0ng \u0110\u1ea1o, t\u1ec9nh H\u01b0ng Y\u00ean.<br \/>\nTEL: (0227)3.753.338<\/td>\n<td><\/td>\n<td><\/td>\n<\/tr>\n<\/tbody>\n<\/table>\n\n\n","protected":false},"excerpt":{"rendered":"<p>At present, TYM is one of the largest microfinance institutions in Vietnam, operating in 09 provinces and cities in the Northern and North Central regions, serving more than 200,000 clients. TYM has developed an extensive operational network based on strong ties with the community. TYM\u2019s operating system includes its Head Office as well as branches, [&hellip;]<\/p>\n","protected":false},"author":1,"featured_media":0,"parent":39,"menu_order":0,"comment_status":"closed","ping_status":"closed","template":"","meta":{"_acf_changed":false,"footnotes":""},"class_list":["post-277","page","type-page","status-publish","hentry"],"acf":[],"aioseo_notices":[],"_links":{"self":[{"href":"https:\/\/tymfund.org.vn\/en\/wp-json\/wp\/v2\/pages\/277","targetHints":{"allow":["GET"]}}],"collection":[{"href":"https:\/\/tymfund.org.vn\/en\/wp-json\/wp\/v2\/pages"}],"about":[{"href":"https:\/\/tymfund.org.vn\/en\/wp-json\/wp\/v2\/types\/page"}],"author":[{"embeddable":true,"href":"https:\/\/tymfund.org.vn\/en\/wp-json\/wp\/v2\/users\/1"}],"replies":[{"embeddable":true,"href":"https:\/\/tymfund.org.vn\/en\/wp-json\/wp\/v2\/comments?post=277"}],"version-history":[{"count":30,"href":"https:\/\/tymfund.org.vn\/en\/wp-json\/wp\/v2\/pages\/277\/revisions"}],"predecessor-version":[{"id":346,"href":"https:\/\/tymfund.org.vn\/en\/wp-json\/wp\/v2\/pages\/277\/revisions\/346"}],"up":[{"embeddable":true,"href":"https:\/\/tymfund.org.vn\/en\/wp-json\/wp\/v2\/pages\/39"}],"wp:attachment":[{"href":"https:\/\/tymfund.org.vn\/en\/wp-json\/wp\/v2\/media?parent=277"}],"curies":[{"name":"wp","href":"https:\/\/api.w.org\/{rel}","templated":true}]}}